{"id":839,"date":"2025-11-06T18:15:04","date_gmt":"2025-11-06T17:15:04","guid":{"rendered":"http:\/\/yogaschule-heinz-grill.de\/?page_id=839"},"modified":"2026-02-28T12:38:11","modified_gmt":"2026-02-28T11:38:11","slug":"ueber-mich","status":"publish","type":"page","link":"https:\/\/yogaschule-heinz-grill.de\/home\/ueber-mich\/","title":{"rendered":"\u00dcber mich"},"content":{"rendered":"\t\t<div data-elementor-type=\"wp-page\" data-elementor-id=\"839\" class=\"elementor elementor-839\">\n\t\t\t\t<div class=\"has_eae_slider elementor-element elementor-element-a4dd398 e-flex e-con-boxed jltma-glass-effect-no wpr-particle-no wpr-jarallax-no wpr-parallax-no wpr-sticky-section-no wpr-column-slider-no wpr-equal-height-no e-con e-parent\" data-eae-slider=\"19887\" data-id=\"a4dd398\" data-element_type=\"container\" data-e-type=\"container\">\n\t\t\t\t\t<div class=\"e-con-inner\">\n\t\t<div class=\"has_eae_slider elementor-element elementor-element-e9e2234 e-con-full e-flex jltma-glass-effect-no wpr-particle-no wpr-jarallax-no wpr-parallax-no wpr-sticky-section-no wpr-column-slider-no wpr-equal-height-no e-con e-child\" data-eae-slider=\"6473\" data-id=\"e9e2234\" data-element_type=\"container\" data-e-type=\"container\">\n\t\t<div class=\"has_eae_slider elementor-element elementor-element-9923683 e-con-full e-flex jltma-glass-effect-no wpr-particle-no wpr-jarallax-no wpr-parallax-no wpr-sticky-section-no wpr-column-slider-no wpr-equal-height-no e-con e-child\" data-eae-slider=\"64288\" data-id=\"9923683\" data-element_type=\"container\" data-e-type=\"container\">\n\t\t\t\t<div class=\"elementor-element elementor-element-4b8c890 elementor-widget-mobile__width-initial jltma-glass-effect-no elementor-widget elementor-widget-text-editor\" data-id=\"4b8c890\" data-element_type=\"widget\" data-e-type=\"widget\" data-widget_type=\"text-editor.default\">\n\t\t\t\t<div class=\"elementor-widget-container\">\n\t\t\t\t\t\t\t\t\t<p>Julija Mazover<\/p>\t\t\t\t\t\t\t\t<\/div>\n\t\t\t\t<\/div>\n\t\t\t\t<div class=\"elementor-element elementor-element-2a50db9 jltma-glass-effect-no elementor-widget elementor-widget-image\" data-id=\"2a50db9\" data-element_type=\"widget\" data-e-type=\"widget\" data-widget_type=\"image.default\">\n\t\t\t\t<div class=\"elementor-widget-container\">\n\t\t\t\t\t\t\t\t\t\t\t\t\t\t\t<img fetchpriority=\"high\" decoding=\"async\" width=\"212\" height=\"300\" src=\"https:\/\/yogaschule-heinz-grill.de\/wp-content\/uploads\/2025\/10\/Photo-Zora-aktuell-Kopie-212x300.jpg\" class=\"attachment-medium size-medium wp-image-864\" alt=\"\" srcset=\"https:\/\/yogaschule-heinz-grill.de\/wp-content\/uploads\/2025\/10\/Photo-Zora-aktuell-Kopie-212x300.jpg 212w, https:\/\/yogaschule-heinz-grill.de\/wp-content\/uploads\/2025\/10\/Photo-Zora-aktuell-Kopie.jpg 676w\" sizes=\"(max-width: 212px) 100vw, 212px\" \/>\t\t\t\t\t\t\t\t\t\t\t\t\t\t\t<\/div>\n\t\t\t\t<\/div>\n\t\t\t\t<\/div>\n\t\t<div class=\"has_eae_slider elementor-element elementor-element-f3d0400 e-con-full e-flex jltma-glass-effect-no wpr-particle-no wpr-jarallax-no wpr-parallax-no wpr-sticky-section-no wpr-column-slider-no wpr-equal-height-no e-con e-child\" data-eae-slider=\"80005\" data-id=\"f3d0400\" data-element_type=\"container\" data-e-type=\"container\">\n\t\t<div class=\"has_eae_slider elementor-element elementor-element-a50aade e-con-full e-flex jltma-glass-effect-no wpr-particle-no wpr-jarallax-no wpr-parallax-no wpr-sticky-section-no wpr-column-slider-no wpr-equal-height-no e-con e-child\" data-eae-slider=\"46819\" data-id=\"a50aade\" data-element_type=\"container\" data-e-type=\"container\">\n\t\t\t\t<div class=\"elementor-element elementor-element-ee771b3 elementor-view-default jltma-glass-effect-no elementor-widget elementor-widget-icon\" data-id=\"ee771b3\" data-element_type=\"widget\" data-e-type=\"widget\" data-widget_type=\"icon.default\">\n\t\t\t\t<div class=\"elementor-widget-container\">\n\t\t\t\t\t\t\t<div class=\"elementor-icon-wrapper\">\n\t\t\t<div class=\"elementor-icon\">\n\t\t\t<i aria-hidden=\"true\" class=\"im im-quote-right\"><\/i>\t\t\t<\/div>\n\t\t<\/div>\n\t\t\t\t\t\t<\/div>\n\t\t\t\t<\/div>\n\t\t\t\t<div class=\"elementor-element elementor-element-c9bb144 elementor-view-default jltma-glass-effect-no elementor-widget elementor-widget-icon\" data-id=\"c9bb144\" data-element_type=\"widget\" data-e-type=\"widget\" data-widget_type=\"icon.default\">\n\t\t\t\t<div class=\"elementor-widget-container\">\n\t\t\t\t\t\t\t<div class=\"elementor-icon-wrapper\">\n\t\t\t<div class=\"elementor-icon\">\n\t\t\t<i aria-hidden=\"true\" class=\"im im-quote-left\"><\/i>\t\t\t<\/div>\n\t\t<\/div>\n\t\t\t\t\t\t<\/div>\n\t\t\t\t<\/div>\n\t\t\t\t<div class=\"elementor-element elementor-element-ad829c0 jltma-glass-effect-no elementor-widget elementor-widget-text-editor\" data-id=\"ad829c0\" data-element_type=\"widget\" data-e-type=\"widget\" data-widget_type=\"text-editor.default\">\n\t\t\t\t<div class=\"elementor-widget-container\">\n\t\t\t\t\t\t\t\t\t<p>Als Sozialarbeiterin, Yogalehrerin und P\u00e4dagogin f\u00fcr soziale Integrit\u00e4t &amp; Meditation ist es mit ein besonderes Anliegen die individuelle Entwicklung der Menschen zu f\u00f6rdern. Mich besch\u00e4ftigte dabei stets, wie man nicht nur auf einer \u00e4u\u00dferen Ebene eine kurzzeitige Stimmungsaufhellung bewirken kann, sondern wie die seelische Substanz im Menschen gest\u00e4rkt und erbaut werden kann, sodass die Widerstandsf\u00e4higkeit (Resilienz) gegen\u00fcber den Herausforderungen des Lebens w\u00e4chst.<\/p><p>Wie das pers\u00f6nliche energetische Niveau gesteigert werden kann, lernte ich durch meine Besch\u00e4ftigung mit dem Yoga kennen. Nach jahrelanger Praxis im Hatha- und Vinyasa Yoga dr\u00e4ngte sich mir jedoch zunehmend die Frage auf, ob die Yoga \u00dcbungen nicht doch auch nur eine Kompensation zum Alltag darstellen, aber nicht wirklich zu einer tieferen Entwicklung der Seele f\u00fchren. Daher stellte die Ber\u00fchrung mit Heinz Grills ,,Seelendimension des Yoga&#8220; einen entscheidenden Wendepunkt dar:<br \/>In seinem Werk verbindet dieser den Yoga nicht nur mit der Steigerung des energetischen Niveaus, sondern mit der Entwicklung konkreter seelisch-geistiger F\u00e4higkeiten. Dabei nimmt auch der soziale Aspekt und wie das Leben mit den verschiedenen Bereichen zunehmend in eine bewusstere F\u00fchrung kommen kann, einen wesentlichen Raum ein.<\/p><p>Seit meinen Ausbildungen als Yoga- und Meditationslehrerin bei Heinz Grill organisiere ich in enger Zusammenarbeit mit ihm Yoga-Trainings und Fachfortbildungen in der Sonnenoase in Italien und freue mich nun, die Yogaschule Heinz Grill in Veringenstadt zu er\u00f6ffnen.<\/p>\t\t\t\t\t\t\t\t<\/div>\n\t\t\t\t<\/div>\n\t\t\t\t<\/div>\n\t\t<div class=\"has_eae_slider elementor-element elementor-element-7212805 e-con-full e-flex jltma-glass-effect-no wpr-particle-no wpr-jarallax-no wpr-parallax-no wpr-sticky-section-no wpr-column-slider-no wpr-equal-height-no e-con e-child\" data-eae-slider=\"57698\" data-id=\"7212805\" data-element_type=\"container\" data-e-type=\"container\">\n\t\t<div class=\"has_eae_slider elementor-element elementor-element-6b66ef1 e-con-full e-flex jltma-glass-effect-no wpr-particle-no wpr-jarallax-no wpr-parallax-no wpr-sticky-section-no wpr-column-slider-no wpr-equal-height-no e-con e-child\" data-eae-slider=\"61857\" data-id=\"6b66ef1\" data-element_type=\"container\" data-e-type=\"container\">\n\t\t\t\t<div class=\"elementor-element elementor-element-f6193d9 jltma-glass-effect-no elementor-widget elementor-widget-text-editor\" data-id=\"f6193d9\" data-element_type=\"widget\" data-e-type=\"widget\" data-widget_type=\"text-editor.default\">\n\t\t\t\t<div class=\"elementor-widget-container\">\n\t\t\t\t\t\t\t\t\t<p><strong>Yogalehrerin<\/strong><br \/>3 j\u00e4hrige Ausbildung (1920 UE)<br \/>auf Grundlagen des \u201eNeuen Yogawillen\u201c nach\u00a0Heinz Grill\u00a0an der<a href=\"http:\/\/www.akademie-geisteswissenschaft-yoga.de\/\" target=\"_blank\" rel=\"noreferrer noopener\" data-saferedirecturl=\"https:\/\/www.google.com\/url?q=http:\/\/www.akademie-geisteswissenschaft-yoga.de&amp;source=gmail&amp;ust=1761511747780000&amp;usg=AOvVaw1OpFzu8DtM5clZFVFz2VyN\"> Akademie Geisteswissenschaft und Yoga<\/a><\/p><p><strong>P\u00e4dagogin f\u00fcr soziale Integrit\u00e4t &amp; Meditation<\/strong><br \/>2 j\u00e4hrige Ausbildung (300 UE)<\/p><p><strong>Referentin und Organisation<br \/><\/strong>f\u00fcr asana-Trainings und Yoga-Fachfortbildungen an der<a href=\"https:\/\/yoga-und-soziale-kompetenz.de\/\" target=\"_blank\" rel=\"noopener\" data-saferedirecturl=\"https:\/\/www.google.com\/url?q=https:\/\/yoga-und-soziale-kompetenz.de\/&amp;source=gmail&amp;ust=1761511747780000&amp;usg=AOvVaw211swkeN2ONaCK7AKZi6xS\">\u00a0internationalen Yoga-Akademie<\/a>\u00a0der\u00a0<br \/>freien spirituellen Hochschule, in Zusammenarbeit mit Heinz Grill<br \/>in Lundo\/Italien seit 2020\u00a0<\/p><p><strong>Sozialarbeiterin<\/strong>\u00a0(B.A.)<br \/>8 Jahre Berufserfahrung in der station\u00e4ren Jugendhilfe und selbstst\u00e4ndig t\u00e4tig im Bereich Sozialp\u00e4dagogische Familienhilfe<\/p><p><strong>Erlebnisp\u00e4dagogin<\/strong><br \/>ausgebildet bei\u00a0Outside e.V.<\/p>\t\t\t\t\t\t\t\t<\/div>\n\t\t\t\t<\/div>\n\t\t\t\t<\/div>\n\t\t\t\t<\/div>\n\t\t\t\t<\/div>\n\t\t\t\t<\/div>\n\t\t\t\t\t<\/div>\n\t\t\t\t<\/div>\n\t\t<div class=\"has_eae_slider elementor-element elementor-element-c5fca6c e-flex e-con-boxed jltma-glass-effect-no wpr-particle-no wpr-jarallax-no wpr-parallax-no wpr-sticky-section-no wpr-column-slider-no wpr-equal-height-no e-con e-parent\" data-eae-slider=\"86472\" data-id=\"c5fca6c\" data-element_type=\"container\" data-e-type=\"container\" data-settings=\"{&quot;background_background&quot;:&quot;classic&quot;}\">\n\t\t\t\t\t<div class=\"e-con-inner\">\n\t\t\t\t\t<\/div>\n\t\t\t\t<\/div>\n\t\t\t\t<\/div>\n\t\t\n    <div class=\"xs_social_share_widget xs_share_url after_content \t\tmain_content  wslu-style-1 wslu-share-box-shaped wslu-fill-colored wslu-none wslu-share-horizontal wslu-theme-font-no wslu-main_content\">\n\n\t\t\n        <ul>\n\t\t\t        <\/ul>\n    <\/div> \n","protected":false},"excerpt":{"rendered":"<p>Julija Mazover Als Sozialarbeiterin, Yogalehrerin und P\u00e4dagogin f\u00fcr soziale Integrit\u00e4t &amp; Meditation ist es mit ein besonderes Anliegen die individuelle Entwicklung der Menschen zu f\u00f6rdern. Mich besch\u00e4ftigte dabei stets, wie man nicht nur auf einer \u00e4u\u00dferen Ebene eine kurzzeitige Stimmungsaufhellung bewirken kann, sondern wie die seelische Substanz im Menschen gest\u00e4rkt und erbaut werden kann, sodass die Widerstandsf\u00e4higkeit (Resilienz) gegen\u00fcber den Herausforderungen des Lebens w\u00e4chst. Wie das pers\u00f6nliche energetische Niveau gesteigert werden kann, lernte ich durch meine Besch\u00e4ftigung mit dem Yoga kennen. Nach jahrelanger Praxis im Hatha- und Vinyasa Yoga dr\u00e4ngte sich mir jedoch zunehmend die Frage auf, ob die Yoga \u00dcbungen nicht doch auch nur eine Kompensation zum Alltag darstellen, aber nicht wirklich zu einer tieferen Entwicklung der Seele f\u00fchren. Daher stellte die Ber\u00fchrung mit Heinz Grills ,,Seelendimension des Yoga&#8220; einen entscheidenden Wendepunkt dar:In seinem Werk verbindet dieser den Yoga nicht nur mit der Steigerung des energetischen Niveaus, sondern mit der Entwicklung konkreter seelisch-geistiger F\u00e4higkeiten. Dabei nimmt auch der soziale Aspekt und wie das Leben mit den verschiedenen Bereichen zunehmend in eine bewusstere F\u00fchrung kommen kann, einen wesentlichen Raum ein. Seit meinen Ausbildungen als Yoga- und Meditationslehrerin bei Heinz Grill organisiere ich in enger Zusammenarbeit mit ihm Yoga-Trainings und Fachfortbildungen in der Sonnenoase in Italien und freue mich nun, die Yogaschule Heinz Grill in Veringenstadt zu er\u00f6ffnen. Yogalehrerin3 j\u00e4hrige Ausbildung (1920 UE)auf Grundlagen des \u201eNeuen Yogawillen\u201c nach\u00a0Heinz Grill\u00a0an der Akademie Geisteswissenschaft und Yoga P\u00e4dagogin f\u00fcr soziale Integrit\u00e4t &amp; Meditation2 j\u00e4hrige Ausbildung (300 UE) Referentin und Organisationf\u00fcr asana-Trainings und Yoga-Fachfortbildungen an der\u00a0internationalen Yoga-Akademie\u00a0der\u00a0freien spirituellen Hochschule, in Zusammenarbeit mit Heinz Grillin Lundo\/Italien seit 2020\u00a0 Sozialarbeiterin\u00a0(B.A.)8 Jahre Berufserfahrung in der station\u00e4ren Jugendhilfe und selbstst\u00e4ndig t\u00e4tig im Bereich Sozialp\u00e4dagogische Familienhilfe Erlebnisp\u00e4dagoginausgebildet bei\u00a0Outside e.V.<\/p>\n","protected":false},"author":1,"featured_media":0,"parent":0,"menu_order":0,"comment_status":"closed","ping_status":"closed","template":"","meta":{"om_disable_all_campaigns":false,"_monsterinsights_skip_tracking":false,"_monsterinsights_sitenote_active":false,"_monsterinsights_sitenote_note":"","_monsterinsights_sitenote_category":0,"pgc_sgb_lightbox_settings":"","footnotes":""},"class_list":["post-839","page","type-page","status-publish","hentry"],"aioseo_notices":[],"_links":{"self":[{"href":"https:\/\/yogaschule-heinz-grill.de\/home\/wp-json\/wp\/v2\/pages\/839","targetHints":{"allow":["GET"]}}],"collection":[{"href":"https:\/\/yogaschule-heinz-grill.de\/home\/wp-json\/wp\/v2\/pages"}],"about":[{"href":"https:\/\/yogaschule-heinz-grill.de\/home\/wp-json\/wp\/v2\/types\/page"}],"author":[{"embeddable":true,"href":"https:\/\/yogaschule-heinz-grill.de\/home\/wp-json\/wp\/v2\/users\/1"}],"replies":[{"embeddable":true,"href":"https:\/\/yogaschule-heinz-grill.de\/home\/wp-json\/wp\/v2\/comments?post=839"}],"version-history":[{"count":10,"href":"https:\/\/yogaschule-heinz-grill.de\/home\/wp-json\/wp\/v2\/pages\/839\/revisions"}],"predecessor-version":[{"id":2332,"href":"https:\/\/yogaschule-heinz-grill.de\/home\/wp-json\/wp\/v2\/pages\/839\/revisions\/2332"}],"wp:attachment":[{"href":"https:\/\/yogaschule-heinz-grill.de\/home\/wp-json\/wp\/v2\/media?parent=839"}],"curies":[{"name":"wp","href":"https:\/\/api.w.org\/{rel}","templated":true}]}}